{"id":102,"date":"2023-12-08T03:37:07","date_gmt":"2023-12-08T02:37:07","guid":{"rendered":"https:\/\/xbatacademy.com\/?page_id=102"},"modified":"2024-02-19T13:38:57","modified_gmt":"2024-02-19T12:38:57","slug":"quienes-somos","status":"publish","type":"page","link":"https:\/\/xbatacademy.com\/index.php\/quienes-somos\/","title":{"rendered":"\u00bfQui\u00e9nes somos?"},"content":{"rendered":"<p>[et_pb_section fb_built=\u00bb1&#8243; _builder_version=\u00bb4.23.1&#8243; _module_preset=\u00bbdefault\u00bb custom_padding=\u00bb||1px|||\u00bb global_colors_info=\u00bb{}\u00bb][et_pb_row _builder_version=\u00bb4.23.1&#8243; _module_preset=\u00bbdefault\u00bb global_colors_info=\u00bb{}\u00bb][et_pb_column type=\u00bb4_4&#8243; _builder_version=\u00bb4.23.1&#8243; _module_preset=\u00bbdefault\u00bb global_colors_info=\u00bb{}\u00bb][et_pb_text _builder_version=\u00bb4.23.1&#8243; _module_preset=\u00bbdefault\u00bb text_text_color=\u00bb#000000&#8243; global_colors_info=\u00bb{}\u00bb]<\/p>\n<h1 style=\"text-align: center;\"><span>\u00bfQui\u00e9nes somos?<\/span><\/h1>\n<p>[\/et_pb_text][et_pb_text _builder_version=\u00bb4.23.1&#8243; _module_preset=\u00bbdefault\u00bb global_colors_info=\u00bb{}\u00bb]<\/p>\n<p style=\"text-align: justify;\"><span style=\"color: #000000;\">XBAT Academy es una empresa de formaci\u00f3n creada por enfermeros y t\u00e9cnicos, que nace con el objetivo de compartir nuestra experiencia y conocimientos en medicina t\u00e1ctica.<\/span><\/p>\n<p style=\"text-align: justify;\"><span style=\"color: #000000;\">Como profesionales de la salud especializados en trabajar en zonas de riesgo, somos conscientes de la complejidad que tiene tratar un herido en situaciones donde existe alg\u00fan tipo de amenaza para los intervinientes. Por este motivo queremos que nuestros cursos sean un espacio donde daros todas las herramientas necesarias para que pod\u00e1is realizar un abordaje de estas v\u00edctimas de manera segura, eficiente, realista y adaptada a cada perfil profesional.\u00a0<\/span><\/p>\n<p>[\/et_pb_text][\/et_pb_column][\/et_pb_row][\/et_pb_section][et_pb_section fb_built=\u00bb1&#8243; _builder_version=\u00bb4.23.1&#8243; _module_preset=\u00bbdefault\u00bb custom_padding=\u00bb0px|||||\u00bb global_colors_info=\u00bb{}\u00bb][et_pb_row _builder_version=\u00bb4.23.1&#8243; _module_preset=\u00bbdefault\u00bb global_colors_info=\u00bb{}\u00bb][et_pb_column type=\u00bb4_4&#8243; _builder_version=\u00bb4.23.1&#8243; _module_preset=\u00bbdefault\u00bb global_colors_info=\u00bb{}\u00bb][et_pb_slider _builder_version=\u00bb4.24.1&#8243; _module_preset=\u00bbdefault\u00bb hover_enabled=\u00bb0&#8243; global_colors_info=\u00bb{}\u00bb sticky_enabled=\u00bb0&#8243;][et_pb_slide heading=\u00bbXavier\u00bb button_text=\u00bbCV\u00bb button_link=\u00bbhttps:\/\/xbatacademy.com\/index.php\/xavier\/\u00bb _builder_version=\u00bb4.24.1&#8243; _module_preset=\u00bbdefault\u00bb background_color=\u00bbrgba(0,0,0,0.6)\u00bb background_enable_color=\u00bbon\u00bb background_image=\u00bbhttps:\/\/xbatacademy.com\/wp-content\/uploads\/2024\/02\/Xavi.jpg\u00bb background_enable_image=\u00bbon\u00bb background_blend=\u00bbdarken\u00bb hover_enabled=\u00bb0&#8243; global_colors_info=\u00bb{}\u00bb sticky_transition=\u00bbon\u00bb background_size=\u00bbcontain\u00bb sticky_enabled=\u00bb0&#8243;]<\/p>\n<p style=\"text-align: center;\"><b>Enfermero asistencial de la Unitat d\u2019Intervenci\u00f3 i Suport (UIS) del Sistema d\u2019Emerg\u00e8ncies M\u00e8diques<\/b><\/p>\n<p><i><span style=\"font-weight: 400;\">\u201cComo profesional de la salud, creo que cualquier herido merece una asistencia precoz y de calidad. XBAT Academy me permite defender la importancia de la cadena asistencial, especialmente en el primer interviniente y los sanitarios especializados\u201d<\/span><\/i><\/p>\n<p><br style=\"font-weight: 400;\" \/><br style=\"font-weight: 400;\" \/><\/p>\n<p>[\/et_pb_slide][et_pb_slide heading=\u00bbJorge\u00bb button_text=\u00bbCV\u00bb button_link=\u00bbhttps:\/\/xbatacademy.com\/index.php\/jorge\/\u00bb _builder_version=\u00bb4.24.1&#8243; _module_preset=\u00bbdefault\u00bb background_color=\u00bbrgba(0,0,0,0.6)\u00bb background_enable_color=\u00bbon\u00bb background_image=\u00bbhttps:\/\/xbatacademy.com\/wp-content\/uploads\/2024\/02\/Jorge.jpg\u00bb background_enable_image=\u00bbon\u00bb background_blend=\u00bbdarken\u00bb hover_enabled=\u00bb0&#8243; global_colors_info=\u00bb{}\u00bb sticky_transition=\u00bbon\u00bb background_size=\u00bbcontain\u00bb sticky_enabled=\u00bb0&#8243;]<\/p>\n<p style=\"text-align: center;\"><b>Enfermero asistencial de la Unitat d\u2019Intervenci\u00f3 i Suport (UIS) del Sistema d\u2019Emerg\u00e8ncies M\u00e8diques<\/b><\/p>\n<p><i><span style=\"font-weight: 400;\">\u201cDe la misma manera que se forma a profesionales, pero tambi\u00e9n a no profesionales en reanimaci\u00f3n cardiopulmonar, pienso que es igual de importante conocer c\u00f3mo abordar una hemorragia masiva, pues es la primera causa de muerte en el paciente traum\u00e1tico\u201d<\/span><\/i><\/p>\n<p><br style=\"font-weight: 400;\" \/><br style=\"font-weight: 400;\" \/><\/p>\n<p>[\/et_pb_slide][et_pb_slide heading=\u00bbJavier\u00bb button_text=\u00bbCV\u00bb button_link=\u00bbhttps:\/\/xbatacademy.com\/index.php\/javier\/\u00bb _builder_version=\u00bb4.24.1&#8243; _module_preset=\u00bbdefault\u00bb background_color=\u00bbrgba(0,0,0,0.6)\u00bb background_enable_color=\u00bbon\u00bb background_image=\u00bbhttps:\/\/xbatacademy.com\/wp-content\/uploads\/2024\/02\/Javier.jpg\u00bb background_enable_image=\u00bbon\u00bb background_blend=\u00bbdarken\u00bb hover_enabled=\u00bb0&#8243; global_colors_info=\u00bb{}\u00bb sticky_transition=\u00bbon\u00bb background_size=\u00bbcontain\u00bb sticky_enabled=\u00bb0&#8243;]<\/p>\n<p style=\"text-align: center;\"><b>Enfermero asistencial de la Unitat d\u2019Intervenci\u00f3 i Suport (UIS) del Sistema d\u2019Emerg\u00e8ncies M\u00e8diques<\/b><\/p>\n<p><i><span style=\"font-weight: 400;\">\u00abMi convicci\u00f3n como profesional de la salud reside en la premisa de que toda persona herida merece una asistencia inmediata all\u00e1 donde suceda. XBAT Academy representa para m\u00ed m\u00e1s que una empresa de formaci\u00f3n, es la herramienta que fortalece mi capacidad para promover una cadena asistencial efectiva. Esta formaci\u00f3n se vuelve fundamental, especialmente para el primer interviniente y los profesionales especializados, garantizando una respuesta r\u00e1pida\u201c<\/span><\/i><\/p>\n<p><br style=\"font-weight: 400;\" \/><br style=\"font-weight: 400;\" \/><\/p>\n<p>[\/et_pb_slide][et_pb_slide heading=\u00bbRicard\u00bb button_text=\u00bbCV\u00bb button_link=\u00bbhttps:\/\/xbatacademy.com\/index.php\/ricard\/\u00bb _builder_version=\u00bb4.24.1&#8243; _module_preset=\u00bbdefault\u00bb background_color=\u00bbrgba(0,0,0,0.6)\u00bb background_enable_color=\u00bbon\u00bb background_image=\u00bbhttps:\/\/xbatacademy.com\/wp-content\/uploads\/2024\/02\/Ricard.jpg\u00bb background_enable_image=\u00bbon\u00bb background_blend=\u00bbdarken\u00bb hover_enabled=\u00bb0&#8243; global_colors_info=\u00bb{}\u00bb sticky_transition=\u00bbon\u00bb background_size=\u00bbcontain\u00bb sticky_enabled=\u00bb0&#8243;]<\/p>\n<p style=\"text-align: center;\"><b>T\u00e9cnico asistencial de la Unitat d\u2019Intervenci\u00f3 i Suport (UIS) del Sistema d\u2019Emerg\u00e8ncies M\u00e8diques<\/b><\/p>\n<p><i><span style=\"font-weight: 400;\">\u201cComo parte de una empresa de formaci\u00f3n, tengo la oportunidad de contribuir al desarrollo de las personas al compartir conocimientos y habilidades. Me entusiasma la idea de ayudar a otros a crecer profesionalmente y alcanzar sus metas a trav\u00e9s de la educaci\u00f3n y el aprendizaje continuo\u201d<\/span><\/i><\/p>\n<p><br style=\"font-weight: 400;\" \/><br style=\"font-weight: 400;\" \/><\/p>\n<p>[\/et_pb_slide][\/et_pb_slider][\/et_pb_column][\/et_pb_row][\/et_pb_section]<\/p>\n","protected":false},"excerpt":{"rendered":"<p>\u00bfQui\u00e9nes somos?XBAT Academy es una empresa de formaci\u00f3n creada por enfermeros y t\u00e9cnicos, que nace con el objetivo de compartir nuestra experiencia y conocimientos en medicina t\u00e1ctica. Como profesionales de la salud especializados en trabajar en zonas de riesgo, somos conscientes de la complejidad que tiene tratar un herido en situaciones donde existe alg\u00fan tipo [&hellip;]<\/p>\n","protected":false},"author":2,"featured_media":0,"parent":0,"menu_order":0,"comment_status":"closed","ping_status":"closed","template":"","meta":{"_et_pb_use_builder":"on","_et_pb_old_content":"","_et_gb_content_width":"","footnotes":""},"jetpack_sharing_enabled":true,"_links":{"self":[{"href":"https:\/\/xbatacademy.com\/index.php\/wp-json\/wp\/v2\/pages\/102"}],"collection":[{"href":"https:\/\/xbatacademy.com\/index.php\/wp-json\/wp\/v2\/pages"}],"about":[{"href":"https:\/\/xbatacademy.com\/index.php\/wp-json\/wp\/v2\/types\/page"}],"author":[{"embeddable":true,"href":"https:\/\/xbatacademy.com\/index.php\/wp-json\/wp\/v2\/users\/2"}],"replies":[{"embeddable":true,"href":"https:\/\/xbatacademy.com\/index.php\/wp-json\/wp\/v2\/comments?post=102"}],"version-history":[{"count":12,"href":"https:\/\/xbatacademy.com\/index.php\/wp-json\/wp\/v2\/pages\/102\/revisions"}],"predecessor-version":[{"id":421,"href":"https:\/\/xbatacademy.com\/index.php\/wp-json\/wp\/v2\/pages\/102\/revisions\/421"}],"wp:attachment":[{"href":"https:\/\/xbatacademy.com\/index.php\/wp-json\/wp\/v2\/media?parent=102"}],"curies":[{"name":"wp","href":"https:\/\/api.w.org\/{rel}","templated":true}]}}