{"id":119,"date":"2023-12-08T03:54:19","date_gmt":"2023-12-08T02:54:19","guid":{"rendered":"https:\/\/xbatacademy.com\/?page_id=119"},"modified":"2024-02-13T17:40:34","modified_gmt":"2024-02-13T16:40:34","slug":"javier","status":"publish","type":"page","link":"https:\/\/xbatacademy.com\/index.php\/javier\/","title":{"rendered":"Javier"},"content":{"rendered":"<p>[et_pb_section fb_built=\u00bb1&#8243; _builder_version=\u00bb4.23.1&#8243; _module_preset=\u00bbdefault\u00bb custom_padding=\u00bb||7px|||\u00bb global_colors_info=\u00bb{}\u00bb][et_pb_row _builder_version=\u00bb4.23.1&#8243; _module_preset=\u00bbdefault\u00bb global_colors_info=\u00bb{}\u00bb][et_pb_column type=\u00bb4_4&#8243; _builder_version=\u00bb4.23.1&#8243; _module_preset=\u00bbdefault\u00bb global_colors_info=\u00bb{}\u00bb][et_pb_image src=\u00bbhttps:\/\/xbatacademy.com\/wp-content\/uploads\/2024\/02\/JavierRedondo.png\u00bb title_text=\u00bbJavierRedondo\u00bb align=\u00bbcenter\u00bb _builder_version=\u00bb4.24.0&#8243; _module_preset=\u00bbdefault\u00bb width=\u00bb25%\u00bb hover_enabled=\u00bb0&#8243; global_colors_info=\u00bb{}\u00bb sticky_enabled=\u00bb0&#8243;][\/et_pb_image][et_pb_text _builder_version=\u00bb4.24.0&#8243; _module_preset=\u00bbdefault\u00bb text_font=\u00bbMontserrat||||||||\u00bb text_text_color=\u00bb#000000&#8243; text_font_size=\u00bb75px\u00bb custom_margin=\u00bb50px||||false|false\u00bb custom_padding=\u00bb||19px|||\u00bb global_colors_info=\u00bb{}\u00bb]<\/p>\n<p style=\"text-align: center;\"><span style=\"font-family: Montserrat;\">JAVIER<\/span><\/p>\n<p>[\/et_pb_text][et_pb_text _builder_version=\u00bb4.23.1&#8243; _module_preset=\u00bbdefault\u00bb text_font=\u00bbMontserrat||||||||\u00bb text_text_color=\u00bb#000000&#8243; text_font_size=\u00bb20px\u00bb custom_padding=\u00bb||0px|||\u00bb global_colors_info=\u00bb{}\u00bb]<\/p>\n<p style=\"text-align: center;\"><b>Enfermero asistencial de la Unitat d\u2019Intervenci\u00f3 i Suport (UIS) del Sistema d\u2019Emerg\u00e8ncies M\u00e8diques<\/b><\/p>\n<p style=\"text-align: center;\"><i><span style=\"font-weight: 400;\">\u00abMi convicci\u00f3n como profesional de la salud reside en la premisa de que toda persona herida merece una asistencia inmediata all\u00e1 donde suceda. XBAT Academy representa para m\u00ed m\u00e1s que una empresa de formaci\u00f3n, es la herramienta que fortalece mi capacidad para promover una cadena asistencial efectiva. Esta formaci\u00f3n se vuelve fundamental, especialmente para el primer interviniente y los profesionales especializados, garantizando una respuesta r\u00e1pida\u201c<\/span><\/i><\/p>\n<p style=\"text-align: center;\"><br style=\"font-weight: 400;\" \/><br style=\"font-weight: 400;\" \/><\/p>\n<p>[\/et_pb_text][\/et_pb_column][\/et_pb_row][\/et_pb_section][et_pb_section fb_built=\u00bb1&#8243; admin_label=\u00bbSkills\u00bb _builder_version=\u00bb4.16&#8243; _module_preset=\u00bbdefault\u00bb custom_padding=\u00bb8px||1px|||\u00bb global_colors_info=\u00bb{}\u00bb][et_pb_row _builder_version=\u00bb4.16&#8243; _module_preset=\u00bbdefault\u00bb global_colors_info=\u00bb{}\u00bb][et_pb_column type=\u00bb4_4&#8243; _builder_version=\u00bb4.16&#8243; _module_preset=\u00bbdefault\u00bb global_colors_info=\u00bb{}\u00bb][et_pb_text _builder_version=\u00bb4.16&#8243; _module_preset=\u00bbb6cb9bd8-0fbd-4699-b58d-51b3d480db23&#8243; header_2_font=\u00bbCandal|||on|||||\u00bb header_2_text_color=\u00bb#000000&#8243; header_2_font_size=\u00bb60px\u00bb header_2_line_height=\u00bb1.1em\u00bb header_2_font_size_tablet=\u00bb30px\u00bb header_2_font_size_phone=\u00bb22px\u00bb header_2_font_size_last_edited=\u00bbon|phone\u00bb header_2_line_height_tablet=\u00bb1.2em\u00bb header_2_line_height_phone=\u00bb1.3em\u00bb header_2_line_height_last_edited=\u00bbon|phone\u00bb inline_fonts=\u00bbMontserrat\u00bb global_colors_info=\u00bb{}\u00bb]<\/p>\n<h2><span style=\"font-family: Montserrat;\">Formaci\u00f3n<\/span><\/h2>\n<p>[\/et_pb_text][et_pb_text _builder_version=\u00bb4.23.1&#8243; _module_preset=\u00bbdefault\u00bb text_font=\u00bbMontserrat||||||||\u00bb global_colors_info=\u00bb{}\u00bb]<\/p>\n<ul>\n<li><span style=\"font-weight: 400;\">Graduado en Enfermer\u00eda. <\/span><i><span style=\"font-weight: 400;\">Universitat Rovira i Virgili.<\/span><\/i><\/li>\n<li><span style=\"font-weight: 400;\">M\u00e1ster en Atenci\u00f3n Prehospitalaria y Hospitalaria Urgente. <\/span><i><span style=\"font-weight: 400;\">Universitat de Barcelona.<\/span><\/i><\/li>\n<li><span style=\"font-weight: 400;\">Experto Universitario en Atenci\u00f3n Sanitaria Urgente en Situaciones Extremas y Cat\u00e1strofes. <\/span><i><span style=\"font-weight: 400;\">Universidad Cat\u00f3lica de Murcia.<\/span><\/i><\/li>\n<li><span style=\"font-weight: 400;\">Experto Universitario en HEMS y Asistencia M\u00e9dica Aerotransportada. <\/span><i><span style=\"font-weight: 400;\">Universidad Europea Miguel de Cervantes.<\/span><\/i><\/li>\n<\/ul>\n<p>[\/et_pb_text][\/et_pb_column][\/et_pb_row][\/et_pb_section][et_pb_section fb_built=\u00bb1&#8243; admin_label=\u00bbResume\u00bb _builder_version=\u00bb4.16&#8243; _module_preset=\u00bbdefault\u00bb custom_padding=\u00bb1px|||||\u00bb global_colors_info=\u00bb{}\u00bb][et_pb_row _builder_version=\u00bb4.16&#8243; _module_preset=\u00bbdefault\u00bb global_colors_info=\u00bb{}\u00bb][et_pb_column type=\u00bb4_4&#8243; _builder_version=\u00bb4.16&#8243; _module_preset=\u00bbdefault\u00bb global_colors_info=\u00bb{}\u00bb][et_pb_text _builder_version=\u00bb4.16&#8243; _module_preset=\u00bbb6cb9bd8-0fbd-4699-b58d-51b3d480db23&#8243; header_2_font=\u00bbCandal|||on|||||\u00bb header_2_text_color=\u00bb#000000&#8243; header_2_font_size=\u00bb60px\u00bb header_2_line_height=\u00bb1.1em\u00bb header_2_font_size_tablet=\u00bb30px\u00bb header_2_font_size_phone=\u00bb22px\u00bb header_2_font_size_last_edited=\u00bbon|phone\u00bb header_2_line_height_tablet=\u00bb1.2em\u00bb header_2_line_height_phone=\u00bb1.3em\u00bb header_2_line_height_last_edited=\u00bbon|phone\u00bb inline_fonts=\u00bbMontserrat\u00bb global_colors_info=\u00bb{}\u00bb]<\/p>\n<h2><span style=\"font-family: Montserrat;\">Docencia<\/span><\/h2>\n<p>[\/et_pb_text][et_pb_text _builder_version=\u00bb4.23.1&#8243; _module_preset=\u00bbdefault\u00bb global_colors_info=\u00bb{}\u00bb]<\/p>\n<ul>\n<li><span style=\"font-weight: 400;\">Docente del curso ISEA (Intervenci\u00f3n Sanitaria en Enfrentamientos Armados). <\/span><i><span style=\"font-weight: 400;\">Institut de Seguretat P\u00fablica de Catalunya.<\/span><\/i><\/li>\n<li><span style=\"font-weight: 400;\">Docente en el m\u00f3dulo sanitario del curso Instructores de Tiro. <\/span><i><span style=\"font-weight: 400;\">Institut de Seguretat P\u00fablica de Catalunya.<\/span><\/i><span style=\"font-weight: 400;\">\u00a0<\/span><\/li>\n<li><span style=\"font-weight: 400;\">Docente en formaciones internas. <\/span><i><span style=\"font-weight: 400;\">Unitat d\u2019Intervenci\u00f3 i Suport y Sistema d\u2019Emerg\u00e8ncies M\u00e8diques.<\/span><\/i><\/li>\n<li><span style=\"font-weight: 400;\">Docente en el M\u00e1ster en Enfermer\u00eda de Urgencias Hospitalarias. <\/span><i><span style=\"font-weight: 400;\">Universitat de Barcelona.<\/span><\/i><\/li>\n<li><span style=\"font-weight: 400;\">Docente en el CFGM T\u00e9cnicos en Emergencias Sanitarias. <\/span><i><span style=\"font-weight: 400;\">Institut d\u2019Estudis M\u00e8dics.<\/span><\/i><\/li>\n<li><span style=\"font-weight: 400;\">Docente en el CFGM Salvamento acu\u00e1tico en espacios naturales. <\/span><i><span style=\"font-weight: 400;\">Pro-activa Servicios Acu\u00e1ticos.<\/span><\/i><\/li>\n<li><span style=\"font-weight: 400;\">Docencia relacionada con el manejo de hemorragias masivas, medicina t\u00e1ctica, IMV e IMVi en diferentes cursos y m\u00e1sters.<\/span><\/li>\n<li><span style=\"font-weight: 400;\">Instructor Stop the Bleed.<\/span><\/li>\n<\/ul>\n<p>[\/et_pb_text][\/et_pb_column][\/et_pb_row][\/et_pb_section][et_pb_section fb_built=\u00bb1&#8243; admin_label=\u00bbFooter\u00bb _builder_version=\u00bb4.16&#8243; _module_preset=\u00bbdefault\u00bb background_color=\u00bb#000000&#8243; custom_padding=\u00bb||5vw||false|false\u00bb locked=\u00bboff\u00bb global_colors_info=\u00bb{}\u00bb][et_pb_row _builder_version=\u00bb4.16&#8243; _module_preset=\u00bbdefault\u00bb global_colors_info=\u00bb{}\u00bb][et_pb_column type=\u00bb4_4&#8243; _builder_version=\u00bb4.16&#8243; _module_preset=\u00bbdefault\u00bb global_colors_info=\u00bb{}\u00bb][et_pb_text _builder_version=\u00bb4.23.1&#8243; _module_preset=\u00bbdefault\u00bb text_font=\u00bbMontserrat||||||||\u00bb text_font_size=\u00bb30px\u00bb text_line_height=\u00bb1.2em\u00bb link_text_color=\u00bb#FFFFFF\u00bb header_4_line_height=\u00bb1.5em\u00bb text_orientation=\u00bbcenter\u00bb background_layout=\u00bbdark\u00bb custom_margin=\u00bb||20px||false|false\u00bb text_font_size_tablet=\u00bb20px\u00bb text_font_size_phone=\u00bb16px\u00bb text_font_size_last_edited=\u00bbon|tablet\u00bb header_font_size_tablet=\u00bb55px\u00bb header_font_size_last_edited=\u00bboff|desktop\u00bb header_4_font_size_tablet=\u00bb\u00bb header_4_font_size_phone=\u00bb15px\u00bb header_4_font_size_last_edited=\u00bbon|tablet\u00bb global_colors_info=\u00bb{}\u00bb]<\/p>\n<p>javieratencia@xbatacademy.com<\/p>\n<p>[\/et_pb_text][et_pb_text _builder_version=\u00bb4.24.0&#8243; _module_preset=\u00bbdefault\u00bb text_font=\u00bbMontserrat||||||||\u00bb text_font_size=\u00bb30px\u00bb text_line_height=\u00bb1.2em\u00bb header_4_line_height=\u00bb1.5em\u00bb text_orientation=\u00bbcenter\u00bb background_layout=\u00bbdark\u00bb text_font_size_tablet=\u00bb20px\u00bb text_font_size_phone=\u00bb16px\u00bb text_font_size_last_edited=\u00bbon|tablet\u00bb header_font_size_tablet=\u00bb55px\u00bb header_font_size_last_edited=\u00bboff|desktop\u00bb header_4_font_size_tablet=\u00bb\u00bb header_4_font_size_phone=\u00bb15px\u00bb header_4_font_size_last_edited=\u00bbon|tablet\u00bb global_colors_info=\u00bb{}\u00bb]<\/p>\n<p><span>+34 604 96 18 41<\/span><\/p>\n<p>[\/et_pb_text][\/et_pb_column][\/et_pb_row][\/et_pb_section]<\/p>\n","protected":false},"excerpt":{"rendered":"<p>JAVIEREnfermero asistencial de la Unitat d\u2019Intervenci\u00f3 i Suport (UIS) del Sistema d\u2019Emerg\u00e8ncies M\u00e8diques \u00abMi convicci\u00f3n como profesional de la salud reside en la premisa de que toda persona herida merece una asistencia inmediata all\u00e1 donde suceda. XBAT Academy representa para m\u00ed m\u00e1s que una empresa de formaci\u00f3n, es la herramienta que fortalece mi capacidad para [&hellip;]<\/p>\n","protected":false},"author":2,"featured_media":0,"parent":0,"menu_order":0,"comment_status":"closed","ping_status":"closed","template":"","meta":{"_et_pb_use_builder":"on","_et_pb_old_content":"","_et_gb_content_width":"","footnotes":""},"jetpack_sharing_enabled":true,"_links":{"self":[{"href":"https:\/\/xbatacademy.com\/index.php\/wp-json\/wp\/v2\/pages\/119"}],"collection":[{"href":"https:\/\/xbatacademy.com\/index.php\/wp-json\/wp\/v2\/pages"}],"about":[{"href":"https:\/\/xbatacademy.com\/index.php\/wp-json\/wp\/v2\/types\/page"}],"author":[{"embeddable":true,"href":"https:\/\/xbatacademy.com\/index.php\/wp-json\/wp\/v2\/users\/2"}],"replies":[{"embeddable":true,"href":"https:\/\/xbatacademy.com\/index.php\/wp-json\/wp\/v2\/comments?post=119"}],"version-history":[{"count":10,"href":"https:\/\/xbatacademy.com\/index.php\/wp-json\/wp\/v2\/pages\/119\/revisions"}],"predecessor-version":[{"id":411,"href":"https:\/\/xbatacademy.com\/index.php\/wp-json\/wp\/v2\/pages\/119\/revisions\/411"}],"wp:attachment":[{"href":"https:\/\/xbatacademy.com\/index.php\/wp-json\/wp\/v2\/media?parent=119"}],"curies":[{"name":"wp","href":"https:\/\/api.w.org\/{rel}","templated":true}]}}