{"id":126,"date":"2023-12-08T03:57:17","date_gmt":"2023-12-08T02:57:17","guid":{"rendered":"https:\/\/xbatacademy.com\/?page_id=126"},"modified":"2024-02-13T17:38:45","modified_gmt":"2024-02-13T16:38:45","slug":"xavier","status":"publish","type":"page","link":"https:\/\/xbatacademy.com\/index.php\/xavier\/","title":{"rendered":"Xavier"},"content":{"rendered":"<p>[et_pb_section fb_built=\u00bb1&#8243; _builder_version=\u00bb4.23.1&#8243; _module_preset=\u00bbdefault\u00bb global_colors_info=\u00bb{}\u00bb][et_pb_row _builder_version=\u00bb4.23.1&#8243; _module_preset=\u00bbdefault\u00bb global_colors_info=\u00bb{}\u00bb][et_pb_column type=\u00bb4_4&#8243; _builder_version=\u00bb4.23.1&#8243; _module_preset=\u00bbdefault\u00bb global_colors_info=\u00bb{}\u00bb][et_pb_image src=\u00bbhttps:\/\/xbatacademy.com\/wp-content\/uploads\/2024\/02\/XaviRedondo.png\u00bb title_text=\u00bbXaviRedondo\u00bb align=\u00bbcenter\u00bb _builder_version=\u00bb4.24.0&#8243; _module_preset=\u00bbdefault\u00bb width=\u00bb25%\u00bb hover_enabled=\u00bb0&#8243; global_colors_info=\u00bb{}\u00bb sticky_enabled=\u00bb0&#8243;][\/et_pb_image][et_pb_text _builder_version=\u00bb4.24.0&#8243; _module_preset=\u00bbdefault\u00bb text_font=\u00bbMontserrat||||||||\u00bb text_text_color=\u00bb#000000&#8243; text_font_size=\u00bb75px\u00bb custom_margin=\u00bb50px||||false|false\u00bb custom_padding=\u00bb||19px|||\u00bb global_colors_info=\u00bb{}\u00bb]<\/p>\n<p style=\"text-align: center;\"><span style=\"font-family: Montserrat;\">XAVIER<\/span><\/p>\n<p>[\/et_pb_text][et_pb_text _builder_version=\u00bb4.23.1&#8243; _module_preset=\u00bbdefault\u00bb text_font=\u00bbMontserrat||||||||\u00bb text_text_color=\u00bb#000000&#8243; text_font_size=\u00bb20px\u00bb global_colors_info=\u00bb{}\u00bb]<\/p>\n<p style=\"text-align: center;\"><b>Enfermero asistencial de la Unitat d\u2019Intervenci\u00f3 i Suport (UIS) del Sistema d\u2019Emerg\u00e8ncies M\u00e8diques<\/b><\/p>\n<p style=\"text-align: center;\"><i><span>\u201cComo profesional de la salud, creo que cualquier herido merece una asistencia precoz y de calidad. XBAT Academy me permite defender la importancia de la cadena asistencial, especialmente en el primer interviniente y los sanitarios especializados\u201d<\/span><\/i><\/p>\n<p>[\/et_pb_text][\/et_pb_column][\/et_pb_row][\/et_pb_section][et_pb_section fb_built=\u00bb1&#8243; admin_label=\u00bbSkills\u00bb _builder_version=\u00bb4.16&#8243; _module_preset=\u00bbdefault\u00bb custom_padding=\u00bb8px||1px|||\u00bb global_colors_info=\u00bb{}\u00bb][et_pb_row _builder_version=\u00bb4.16&#8243; _module_preset=\u00bbdefault\u00bb global_colors_info=\u00bb{}\u00bb][et_pb_column type=\u00bb4_4&#8243; _builder_version=\u00bb4.16&#8243; _module_preset=\u00bbdefault\u00bb global_colors_info=\u00bb{}\u00bb][et_pb_text _builder_version=\u00bb4.16&#8243; _module_preset=\u00bbb6cb9bd8-0fbd-4699-b58d-51b3d480db23&#8243; header_2_font=\u00bbCandal|||on|||||\u00bb header_2_text_color=\u00bb#000000&#8243; header_2_font_size=\u00bb60px\u00bb header_2_line_height=\u00bb1.1em\u00bb header_2_font_size_tablet=\u00bb30px\u00bb header_2_font_size_phone=\u00bb22px\u00bb header_2_font_size_last_edited=\u00bbon|phone\u00bb header_2_line_height_tablet=\u00bb1.2em\u00bb header_2_line_height_phone=\u00bb1.3em\u00bb header_2_line_height_last_edited=\u00bbon|phone\u00bb inline_fonts=\u00bbMontserrat\u00bb global_colors_info=\u00bb{}\u00bb]<\/p>\n<h2><span style=\"font-family: Montserrat;\">Formaci\u00f3n<\/span><\/h2>\n<p>[\/et_pb_text][et_pb_text _builder_version=\u00bb4.23.1&#8243; _module_preset=\u00bbdefault\u00bb text_font=\u00bbMontserrat||||||||\u00bb global_colors_info=\u00bb{}\u00bb]<\/p>\n<ul>\n<li><span style=\"font-weight: 400;\">Graduado en Enfermer\u00eda. <\/span><i><span style=\"font-weight: 400;\">Universitat de Barcelona.<\/span><\/i><\/li>\n<li><span style=\"font-weight: 400;\">M\u00e1ster Universitario en Gesti\u00f3n y Direcci\u00f3n de Unidades de Enfermer\u00eda. <\/span><i><span style=\"font-weight: 400;\">Universidad Internacional de la Rioja.<\/span><\/i><\/li>\n<li><span style=\"font-weight: 400;\">M\u00e1ster en Atenci\u00f3n Prehospitalaria y Hospitalaria Urgente. <\/span><i><span style=\"font-weight: 400;\">Universitat de Barcelona.<\/span><\/i><\/li>\n<li><span style=\"font-weight: 400;\">Posgrado en asistencia integral al enfermo trauma grave (\u00e1mbito prehospitalario y hospitalario). <\/span><i><span style=\"font-weight: 400;\">Universitat Aut\u00f2noma de Barcelona.<\/span><\/i><\/li>\n<li><span style=\"font-weight: 400;\">Posgrado en Atenci\u00f3n Prehospitalaria Urgente. <\/span><i><span style=\"font-weight: 400;\">Universitat de Barcelona.<\/span><\/i><\/li>\n<li><span style=\"font-weight: 400;\">Experto Universitario en Asistencia Sanitaria en Entornos Especiales. <\/span><i><span style=\"font-weight: 400;\">Universidad Cat\u00f3lica de Murcia.<\/span><\/i><\/li>\n<li><span style=\"font-weight: 400;\">Experto Universitario en Enfermer\u00eda en emergencias extrahospitalarias. <\/span><i><span style=\"font-weight: 400;\">Universidad Cardenal Herrera.<\/span><\/i><\/li>\n<\/ul>\n<p>[\/et_pb_text][\/et_pb_column][\/et_pb_row][\/et_pb_section][et_pb_section fb_built=\u00bb1&#8243; admin_label=\u00bbResume\u00bb _builder_version=\u00bb4.16&#8243; _module_preset=\u00bbdefault\u00bb custom_padding=\u00bb1px|||||\u00bb global_colors_info=\u00bb{}\u00bb][et_pb_row _builder_version=\u00bb4.16&#8243; _module_preset=\u00bbdefault\u00bb global_colors_info=\u00bb{}\u00bb][et_pb_column type=\u00bb4_4&#8243; _builder_version=\u00bb4.16&#8243; _module_preset=\u00bbdefault\u00bb global_colors_info=\u00bb{}\u00bb][et_pb_text _builder_version=\u00bb4.16&#8243; _module_preset=\u00bbb6cb9bd8-0fbd-4699-b58d-51b3d480db23&#8243; header_2_font=\u00bbCandal|||on|||||\u00bb header_2_text_color=\u00bb#000000&#8243; header_2_font_size=\u00bb60px\u00bb header_2_line_height=\u00bb1.1em\u00bb header_2_font_size_tablet=\u00bb30px\u00bb header_2_font_size_phone=\u00bb22px\u00bb header_2_font_size_last_edited=\u00bbon|phone\u00bb header_2_line_height_tablet=\u00bb1.2em\u00bb header_2_line_height_phone=\u00bb1.3em\u00bb header_2_line_height_last_edited=\u00bbon|phone\u00bb inline_fonts=\u00bbMontserrat\u00bb global_colors_info=\u00bb{}\u00bb]<\/p>\n<h2><span style=\"font-family: Montserrat;\">Docencia<\/span><\/h2>\n<p>[\/et_pb_text][et_pb_text _builder_version=\u00bb4.23.1&#8243; _module_preset=\u00bbdefault\u00bb global_colors_info=\u00bb{}\u00bb]<\/p>\n<ul>\n<li><span style=\"font-weight: 400;\">Coordinador y docente del curso ISEA (Intervenci\u00f3n Sanitaria en Enfrentamientos Armados). <\/span><i><span style=\"font-weight: 400;\">Institut de Seguretat P\u00fablica de Catalunya.<\/span><\/i><\/li>\n<li><span style=\"font-weight: 400;\">Docente en el m\u00f3dulo sanitario del curso Instructores de Tiro. <\/span><i><span style=\"font-weight: 400;\">Institut de Seguretat P\u00fablica de Catalunya.<\/span><\/i><span style=\"font-weight: 400;\">\u00a0<\/span><\/li>\n<li><span style=\"font-weight: 400;\">Docente en el curso asistencia sanitaria en Incidentes de M\u00faltiples V\u00edctimas Intencionados. <\/span><i><span style=\"font-weight: 400;\">Gu\u00e0rdia Urbana de Barcelona.<\/span><\/i><\/li>\n<li><span style=\"font-weight: 400;\">Coordinaci\u00f3n y docencia en formaciones internas. <\/span><i><span style=\"font-weight: 400;\">Unitat d\u2019Intervenci\u00f3 i Suport y Sistema d\u2019Emerg\u00e8ncies M\u00e8diques.<\/span><\/i><\/li>\n<li><span style=\"font-weight: 400;\">Docente en el M\u00e1ster en Enfermer\u00eda de Urgencias Hospitalarias. <\/span><i><span style=\"font-weight: 400;\">Universitat de Barcelona.<\/span><\/i><\/li>\n<li><span style=\"font-weight: 400;\">Docente en el M\u00e1ster en Asistencia Integral en Urgencias y Emergencias. <\/span><i><span style=\"font-weight: 400;\">Institut d\u2019Estudis M\u00e8dics.<\/span><\/i><\/li>\n<li><span style=\"font-weight: 400;\">Docente en el m\u00f3dulo asistencia sanitaria al enfermo politraum\u00e1tico. CFGM T\u00e9cnicos en Emergencias Sanitarias. <\/span><i><span style=\"font-weight: 400;\">Institut d\u2019Estudis M\u00e8dics.<\/span><\/i><\/li>\n<li><span style=\"font-weight: 400;\">Formaciones relacionadas con el manejo de hemorragias masivas, medicina t\u00e1ctica, IMV e IMVi en diferentes cursos y m\u00e1sters.<\/span><\/li>\n<li><span style=\"font-weight: 400;\">Instructor Stop the Bleed.<\/span><\/li>\n<\/ul>\n<p>[\/et_pb_text][\/et_pb_column][\/et_pb_row][\/et_pb_section][et_pb_section fb_built=\u00bb1&#8243; admin_label=\u00bbFooter\u00bb _builder_version=\u00bb4.16&#8243; _module_preset=\u00bbdefault\u00bb background_color=\u00bb#000000&#8243; custom_padding=\u00bb||5vw||false|false\u00bb locked=\u00bboff\u00bb global_colors_info=\u00bb{}\u00bb][et_pb_row _builder_version=\u00bb4.16&#8243; _module_preset=\u00bbdefault\u00bb global_colors_info=\u00bb{}\u00bb][et_pb_column type=\u00bb4_4&#8243; _builder_version=\u00bb4.16&#8243; _module_preset=\u00bbdefault\u00bb global_colors_info=\u00bb{}\u00bb][et_pb_text _builder_version=\u00bb4.24.0&#8243; _module_preset=\u00bbdefault\u00bb text_font=\u00bbMontserrat||||||||\u00bb text_font_size=\u00bb30px\u00bb text_line_height=\u00bb1.2em\u00bb link_text_color=\u00bb#FFFFFF\u00bb header_4_line_height=\u00bb1.5em\u00bb text_orientation=\u00bbcenter\u00bb background_layout=\u00bbdark\u00bb custom_margin=\u00bb||20px||false|false\u00bb text_font_size_tablet=\u00bb20px\u00bb text_font_size_phone=\u00bb16px\u00bb text_font_size_last_edited=\u00bbon|tablet\u00bb header_font_size_tablet=\u00bb55px\u00bb header_font_size_last_edited=\u00bboff|desktop\u00bb header_4_font_size_tablet=\u00bb\u00bb header_4_font_size_phone=\u00bb15px\u00bb header_4_font_size_last_edited=\u00bbon|tablet\u00bb global_colors_info=\u00bb{}\u00bb]<\/p>\n<p>xavierpla@xbatacademy.com<\/p>\n<p>[\/et_pb_text][et_pb_text _builder_version=\u00bb4.24.0&#8243; _module_preset=\u00bbdefault\u00bb text_font=\u00bbMontserrat||||||||\u00bb text_font_size=\u00bb30px\u00bb text_line_height=\u00bb1.2em\u00bb header_4_line_height=\u00bb1.5em\u00bb text_orientation=\u00bbcenter\u00bb background_layout=\u00bbdark\u00bb text_font_size_tablet=\u00bb20px\u00bb text_font_size_phone=\u00bb16px\u00bb text_font_size_last_edited=\u00bbon|tablet\u00bb header_font_size_tablet=\u00bb55px\u00bb header_font_size_last_edited=\u00bboff|desktop\u00bb header_4_font_size_tablet=\u00bb\u00bb header_4_font_size_phone=\u00bb15px\u00bb header_4_font_size_last_edited=\u00bbon|tablet\u00bb global_colors_info=\u00bb{}\u00bb]<\/p>\n<p><span>+34 604 96 18 41<\/span><\/p>\n<p>[\/et_pb_text][\/et_pb_column][\/et_pb_row][\/et_pb_section]<\/p>\n","protected":false},"excerpt":{"rendered":"<p>XAVIEREnfermero asistencial de la Unitat d\u2019Intervenci\u00f3 i Suport (UIS) del Sistema d\u2019Emerg\u00e8ncies M\u00e8diques \u201cComo profesional de la salud, creo que cualquier herido merece una asistencia precoz y de calidad. XBAT Academy me permite defender la importancia de la cadena asistencial, especialmente en el primer interviniente y los sanitarios especializados\u201dFormaci\u00f3n Graduado en Enfermer\u00eda. Universitat de Barcelona. [&hellip;]<\/p>\n","protected":false},"author":2,"featured_media":0,"parent":0,"menu_order":0,"comment_status":"closed","ping_status":"closed","template":"","meta":{"_et_pb_use_builder":"on","_et_pb_old_content":"","_et_gb_content_width":"","footnotes":""},"jetpack_sharing_enabled":true,"_links":{"self":[{"href":"https:\/\/xbatacademy.com\/index.php\/wp-json\/wp\/v2\/pages\/126"}],"collection":[{"href":"https:\/\/xbatacademy.com\/index.php\/wp-json\/wp\/v2\/pages"}],"about":[{"href":"https:\/\/xbatacademy.com\/index.php\/wp-json\/wp\/v2\/types\/page"}],"author":[{"embeddable":true,"href":"https:\/\/xbatacademy.com\/index.php\/wp-json\/wp\/v2\/users\/2"}],"replies":[{"embeddable":true,"href":"https:\/\/xbatacademy.com\/index.php\/wp-json\/wp\/v2\/comments?post=126"}],"version-history":[{"count":12,"href":"https:\/\/xbatacademy.com\/index.php\/wp-json\/wp\/v2\/pages\/126\/revisions"}],"predecessor-version":[{"id":407,"href":"https:\/\/xbatacademy.com\/index.php\/wp-json\/wp\/v2\/pages\/126\/revisions\/407"}],"wp:attachment":[{"href":"https:\/\/xbatacademy.com\/index.php\/wp-json\/wp\/v2\/media?parent=126"}],"curies":[{"name":"wp","href":"https:\/\/api.w.org\/{rel}","templated":true}]}}