{"id":16,"date":"2023-11-07T20:47:07","date_gmt":"2023-11-07T19:47:07","guid":{"rendered":"https:\/\/xbatacademy.com\/?page_id=16"},"modified":"2023-12-18T16:55:48","modified_gmt":"2023-12-18T15:55:48","slug":"inicio","status":"publish","type":"page","link":"https:\/\/xbatacademy.com\/","title":{"rendered":"Inicio"},"content":{"rendered":"<p>[et_pb_section fb_built=\u00bb1&#8243; inner_shadow=\u00bbon\u00bb _builder_version=\u00bb4.23.1&#8243; _module_preset=\u00bbdefault\u00bb background_image=\u00bbhttps:\/\/xbatacademy.com\/wp-content\/uploads\/2023\/12\/FondoGif-scaled.gif\u00bb parallax=\u00bbon\u00bb parallax_method=\u00bboff\u00bb width=\u00bb100%\u00bb animation_style=\u00bbfade\u00bb hover_enabled=\u00bb0&#8243; box_shadow_style=\u00bbpreset2&#8243; global_colors_info=\u00bb{}\u00bb title_text=\u00bbFondoGif\u00bb sticky_enabled=\u00bb0&#8243;][et_pb_row _builder_version=\u00bb4.22.2&#8243; _module_preset=\u00bbdefault\u00bb global_colors_info=\u00bb{}\u00bb][et_pb_column type=\u00bb4_4&#8243; _builder_version=\u00bb4.22.2&#8243; _module_preset=\u00bbdefault\u00bb global_colors_info=\u00bb{}\u00bb][et_pb_image src=\u00bbhttps:\/\/xbatacademy.com\/wp-content\/uploads\/2023\/12\/Mesa-de-trabajo-1Grueso.png\u00bb title_text=\u00bbMesa de trabajo 1Grueso\u00bb align=\u00bbcenter\u00bb _builder_version=\u00bb4.23.1&#8243; _module_preset=\u00bbdefault\u00bb width=\u00bb60%\u00bb custom_margin=\u00bb||-1px|||\u00bb animation_style=\u00bbzoom\u00bb global_colors_info=\u00bb{}\u00bb][\/et_pb_image][et_pb_text _builder_version=\u00bb4.23.1&#8243; _module_preset=\u00bbdefault\u00bb text_font_size=\u00bb38px\u00bb text_line_height=\u00bb1em\u00bb global_colors_info=\u00bb{}\u00bb]<\/p>\n<p style=\"text-align: center;\">WEB EN CONSTRUCCI\u00d3N<\/p>\n<p style=\"text-align: center;\">\u00a1PRONTO ESTAREMOS DISPONIBLES!<\/p>\n<p>[\/et_pb_text][et_pb_text _builder_version=\u00bb4.23.1&#8243; _module_preset=\u00bbdefault\u00bb global_colors_info=\u00bb{}\u00bb]<\/p>\n<p style=\"text-align: center;\"><span style=\"color: #0a0a0a;\">Para cualquier consulta puedes enviarnos un correo electr\u00f3nico a<\/span> <span style=\"color: #ff0000;\"><a href=\"mailto:info@xbatacademy.com\" style=\"color: #ff0000;\">info@xbatacademy.com<\/a><\/span><\/p>\n<p>[\/et_pb_text][\/et_pb_column][\/et_pb_row][\/et_pb_section][et_pb_section fb_built=\u00bb1&#8243; _builder_version=\u00bb4.23.1&#8243; _module_preset=\u00bbdefault\u00bb min_height=\u00bb256px\u00bb custom_padding=\u00bb0px||30px|||\u00bb animation_style=\u00bbfade\u00bb box_shadow_style=\u00bbpreset1&#8243; global_colors_info=\u00bb{}\u00bb][et_pb_row _builder_version=\u00bb4.23.1&#8243; _module_preset=\u00bbdefault\u00bb custom_padding=\u00bb||5px|||\u00bb global_colors_info=\u00bb{}\u00bb][et_pb_column type=\u00bb4_4&#8243; _builder_version=\u00bb4.23.1&#8243; _module_preset=\u00bbdefault\u00bb global_colors_info=\u00bb{}\u00bb][et_pb_text _builder_version=\u00bb4.23.1&#8243; _module_preset=\u00bbdefault\u00bb text_line_height=\u00bb1.8em\u00bb custom_margin=\u00bb||-66px|||\u00bb scroll_scaling_enable=\u00bbon\u00bb global_colors_info=\u00bb{}\u00bb]<\/p>\n<h1 style=\"text-align: center;\"><span style=\"font-weight: 400;\">\u00bfQui\u00e9nes somos?<\/span><\/h1>\n<p style=\"text-align: justify;\"><span style=\"font-weight: 400;\"><\/span><\/p>\n<p style=\"text-align: justify;\"><span style=\"font-weight: 400;\">XBAT Academy es una empresa de formaci\u00f3n creada por enfermeros y t\u00e9cnicos, que nace con el objetivo de compartir nuestra experiencia y conocimientos en medicina t\u00e1ctica.<\/span><\/p>\n<p style=\"text-align: justify;\"><span style=\"font-weight: 400;\">Como profesionales de la salud especializados en trabajar en zonas de riesgo, somos conscientes de la complejidad que tiene tratar un herido en situaciones donde existe alg\u00fan tipo de amenaza para los intervinientes. Por este motivo queremos que nuestros cursos sean un espacio donde daros todas las herramientas necesarias para que pod\u00e1is realizar un abordaje de estas v\u00edctimas de manera segura, eficiente, realista y adaptada a cada perfil profesional.\u00a0<\/span><\/p>\n<p style=\"text-align: justify;\"><br style=\"font-weight: 400;\" \/><br style=\"font-weight: 400;\" \/><\/p>\n<p>[\/et_pb_text][\/et_pb_column][\/et_pb_row][\/et_pb_section][et_pb_section fb_built=\u00bb1&#8243; _builder_version=\u00bb4.23.1&#8243; _module_preset=\u00bbdefault\u00bb background_color=\u00bb#f9f9f9&#8243; custom_padding=\u00bb0px||0px|||\u00bb animation_style=\u00bbfade\u00bb box_shadow_style=\u00bbpreset3&#8243; box_shadow_position=\u00bbinner\u00bb global_colors_info=\u00bb{}\u00bb][et_pb_row _builder_version=\u00bb4.23.1&#8243; _module_preset=\u00bbdefault\u00bb global_colors_info=\u00bb{}\u00bb][et_pb_column type=\u00bb4_4&#8243; _builder_version=\u00bb4.23.1&#8243; _module_preset=\u00bbdefault\u00bb global_colors_info=\u00bb{}\u00bb][et_pb_text _builder_version=\u00bb4.23.1&#8243; _module_preset=\u00bbdefault\u00bb scroll_scaling_enable=\u00bbon\u00bb global_colors_info=\u00bb{}\u00bb]<\/p>\n<h1 style=\"text-align: center;\">Nuestros Cursos<\/h1>\n<p>[\/et_pb_text][et_pb_code _builder_version=\u00bb4.23.1&#8243; _module_preset=\u00bbdefault\u00bb scroll_scaling_enable=\u00bbon\u00bb global_colors_info=\u00bb{}\u00bb]<style id=\"sp_product_slider_dynamic_css61\">#wps-slider-section #sp-woo-product-slider-61.wps-product-section .wpsp-pagination-dot .swiper-pagination-bullet{ background-color:#cccccc; } #wps-slider-section #sp-woo-product-slider-61.wps-product-section .wpsp-pagination-dot .swiper-pagination-bullet.swiper-pagination-bullet-active{ background-color:#333333; }#wps-slider-section #sp-woo-product-slider-61.wps-product-section .wpsp-nav { color:#444444; background-color:transparent; border: 1px solid #aaaaaa; } #wps-slider-section #sp-woo-product-slider-61.wps-product-section .wpsp-nav:hover { color:#ffffff; background-color:#444444; border-color:#444444; } #wps-slider-section.wps-slider-section-61{ padding-top: 45px; }#wps-slider-section #sp-woo-product-slider-61.wps-product-section[data-layout=grid] { margin-left: -20px;}#wps-slider-section #sp-woo-product-slider-61 .wpsf-grid-item { padding-left: 20px; margin-bottom: 20px;}#wps-slider-section #sp-woo-product-slider-61 .wpsf-product-title a{ color: #ffffff; font-size: 15px; } #wps-slider-section #sp-woo-product-slider-61 .wpsf-product-title a:hover{ color: #ffffff; }#wps-slider-section #sp-woo-product-slider-61 .wpsf-product-price { color: #ffffff; font-size: 14px; } #wps-slider-section #sp-woo-product-slider-61 .wpsf-product-price del span { color: #888888; }#wps-slider-section #sp-woo-product-slider-61.wps-product-section .star-rating span:before { color: #F4C100; } #wps-slider-section #sp-woo-product-slider-61.wps-product-section .star-rating:before{ color: #C8C8C8; }#wps-slider-section #sp-woo-product-slider-61 .wpsf-cart-button a:not(.sp-wqvpro-view-button):not(.sp-wqv-view-button){ color: #ffffff; background-color: transparent; border: 1px solid #ffffff; } #wps-slider-section #sp-woo-product-slider-61 .wpsf-cart-button a:not(.sp-wqvpro-view-button):not(.sp-wqv-view-button):hover, #wps-slider-section #sp-woo-product-slider-61 .wpsf-cart-button a.added_to_cart{ color: #ffffff; background-color: #222222; border-color: #ffffff; }#wps-slider-section #sp-woo-product-slider-61.sp-wps-theme_one .wps-product-image { border: 1px solid #dddddd;}#wps-slider-section #sp-woo-product-slider-61.sp-wps-theme_one .wpsf-product:hover .wps-product-image { border-color: #dddddd;}#wps-slider-section #sp-woo-product-slider-61 .wps-pagination ul li .page-numbers {background: transparent; color: #5e5e5e; border: 2px solid #dddddd; } #wps-slider-section #sp-woo-product-slider-61 .wps-pagination ul li .page-numbers:hover,#wps-slider-section #sp-woo-product-slider-61 .wps-pagination ul li .page-numbers.current {background: #5e5e5e; color: #ffffff; border-color: #5e5e5e; }#wps-slider-section #sp-woo-product-slider-61 a.sp-wqv-view-button{ display: none; }<\/style><div id=\"wps-slider-section\" class=\"wps-slider-section wps-slider-section-61\">\n\t\t<div class=\"wps-preloader\" id=\"wps-preloader-61\" style=\"\">\n\t\t<img decoding=\"async\" src=\"https:\/\/xbatacademy.com\/wp-content\/plugins\/woo-product-slider\/src\/Admin\/assets\/images\/spinner.svg\" alt=\"loader-image\"\/>\n\t<\/div>\n\t\t\t<div id=\"sp-woo-product-slider-61\" class=\"wps-product-section sp-wps-theme_three\"  data-layout=\"grid\"  dir=\"ltr\" data-preloader=\"1\">\n\t<div class=\"wpsf-product wpsf-grid-item sp-wps-col-xl-3 sp-wps-col-lg-3 sp-wps-col-md-1 sp-wps-col-sm-1\">\n\t<div class=\"sp-wps-product-image-area\">\n\t\t<a href=\"https:\/\/xbatacademy.com\/index.php\/producto\/stop-the-bleed-control-de-hemorragias-masivas\/\" class=\"wps-product-image\">\n\t<img loading=\"lazy\" decoding=\"async\" width=\"300\" height=\"300\" src=\"https:\/\/xbatacademy.com\/wp-content\/uploads\/2023\/12\/StopTheBleed-300x300.png\" class=\"wpsf-product-img wp-post-image\" alt=\"\" \/><\/a>\n\t\t<div class=\"sp-wps-product-details\">\n\t\t\t<div class=\"sp-wps-product-details-inner\">\n\t\t\t\t\t<div class=\"wpsf-product-title\"><a href=\"https:\/\/xbatacademy.com\/index.php\/producto\/stop-the-bleed-control-de-hemorragias-masivas\/\">STOP THE BLEED: Control de hemorragias masivas<\/a><\/div>\n\t\t<div class=\"wpsf-product-price\"> <span class=\"woocommerce-Price-amount amount\">60,00&nbsp;<span class=\"woocommerce-Price-currencySymbol\">&euro;<\/span><\/span><\/div>\n\t\t<div class=\"wpsf-cart-button\"><p class=\"product woocommerce add_to_cart_inline \" style=\"border:4px solid #ccc; padding: 12px;\"><a href=\"https:\/\/xbatacademy.com\/index.php\/producto\/stop-the-bleed-control-de-hemorragias-masivas\/\" data-quantity=\"1\" class=\"button product_type_variable add_to_cart_button\" data-product_id=\"42\" data-product_sku=\"\" aria-label=\"Elige las opciones para &ldquo;STOP THE BLEED: Control de hemorragias masivas&rdquo;\" aria-describedby=\"Este producto tiene m\u00faltiples variantes. Las opciones se pueden elegir en la p\u00e1gina de producto\" rel=\"nofollow\">Seleccionar opciones<\/a><\/p><\/div>\n\t\t\t\t<\/div> <!-- sp-wps-product-details-inner. -->\n\t\t<\/div> <!--  sp-wps-product-details. -->\n\t<\/div> <!-- sp-wps-product-image-area.  -->\n<\/div> <!-- wpsf-product. -->\n<div class=\"wpsf-product wpsf-grid-item sp-wps-col-xl-3 sp-wps-col-lg-3 sp-wps-col-md-1 sp-wps-col-sm-1\">\n\t<div class=\"sp-wps-product-image-area\">\n\t\t<a href=\"https:\/\/xbatacademy.com\/index.php\/producto\/prueba-pagos\/\" class=\"wps-product-image\">\n\t\t\t\t<img decoding=\"async\" id=\"place_holder_thm\" src=\"https:\/\/xbatacademy.com\/wp-content\/uploads\/woocommerce-placeholder-300x300.png\" alt=\"Placeholder\" \/>\n\t\t\t<\/a>\n\t\t<div class=\"sp-wps-product-details\">\n\t\t\t<div class=\"sp-wps-product-details-inner\">\n\t\t\t\t\t<div class=\"wpsf-product-title\"><a href=\"https:\/\/xbatacademy.com\/index.php\/producto\/prueba-pagos\/\">Prueba Pagos<\/a><\/div>\n\t\t<div class=\"wpsf-product-price\"> <span class=\"woocommerce-Price-amount amount\">0,10&nbsp;<span class=\"woocommerce-Price-currencySymbol\">&euro;<\/span><\/span><\/div>\n\t\t<div class=\"wpsf-cart-button\"><p class=\"product woocommerce add_to_cart_inline \" style=\"border:4px solid #ccc; padding: 12px;\"><a href=\"?add-to-cart=277\" data-quantity=\"1\" class=\"button product_type_simple add_to_cart_button ajax_add_to_cart\" data-product_id=\"277\" data-product_sku=\"\" aria-label=\"A\u00f1adir al carrito: &ldquo;Prueba Pagos&rdquo;\" aria-describedby=\"\" rel=\"nofollow\">A\u00f1adir al carrito<\/a><\/p><\/div>\n\t\t\t\t<\/div> <!-- sp-wps-product-details-inner. -->\n\t\t<\/div> <!--  sp-wps-product-details. -->\n\t<\/div> <!-- sp-wps-product-image-area.  -->\n<\/div> <!-- wpsf-product. -->\n\t\t\t<\/div>\n<\/div>\n[\/et_pb_code][\/et_pb_column][\/et_pb_row][\/et_pb_section][et_pb_section fb_built=\u00bb1&#8243; _builder_version=\u00bb4.23.1&#8243; _module_preset=\u00bbdefault\u00bb custom_margin=\u00bb-2px|||||\u00bb custom_padding=\u00bb||95px|||\u00bb animation_style=\u00bbfade\u00bb box_shadow_style=\u00bbpreset2&#8243; global_colors_info=\u00bb{}\u00bb][et_pb_row _builder_version=\u00bb4.23.1&#8243; _module_preset=\u00bbdefault\u00bb global_colors_info=\u00bb{}\u00bb][et_pb_column type=\u00bb4_4&#8243; _builder_version=\u00bb4.23.1&#8243; _module_preset=\u00bbdefault\u00bb global_colors_info=\u00bb{}\u00bb][et_pb_text _builder_version=\u00bb4.23.1&#8243; _module_preset=\u00bbdefault\u00bb scroll_scaling_enable=\u00bbon\u00bb global_colors_info=\u00bb{}\u00bb]<\/p>\n<h1 style=\"text-align: center;\">\u00a1Cont\u00e1ctanos!<\/h1>\n<p>[\/et_pb_text][et_pb_contact_form captcha=\u00bboff\u00bb email=\u00bbinfo@xbatacademy.com\u00bb use_redirect=\u00bbon\u00bb redirect_url=\u00bbhttps:\/\/xbatacademy.com\/\u00bb _builder_version=\u00bb4.23.1&#8243; _module_preset=\u00bbdefault\u00bb _unique_id=\u00bb3946fc62-cb2d-4957-aee0-37028e7a3578&#8243; title_text_color=\u00bb#000000&#8243; custom_button=\u00bbon\u00bb button_text_color=\u00bb#E02B20&#8243; button_custom_margin=\u00bb20px||||false|false\u00bb text_orientation=\u00bbjustified\u00bb scroll_scaling_enable=\u00bbon\u00bb box_shadow_style=\u00bbpreset1&#8243; global_colors_info=\u00bb{}\u00bb][et_pb_contact_field field_id=\u00bbName\u00bb field_title=\u00bbNombre\u00bb _builder_version=\u00bb4.16&#8243; global_colors_info=\u00bb{}\u00bb button_text_size__hover_enabled=\u00bboff\u00bb button_one_text_size__hover_enabled=\u00bboff\u00bb button_two_text_size__hover_enabled=\u00bboff\u00bb button_text_color__hover_enabled=\u00bboff\u00bb button_one_text_color__hover_enabled=\u00bboff\u00bb button_two_text_color__hover_enabled=\u00bboff\u00bb button_border_width__hover_enabled=\u00bboff\u00bb button_one_border_width__hover_enabled=\u00bboff\u00bb button_two_border_width__hover_enabled=\u00bboff\u00bb button_border_color__hover_enabled=\u00bboff\u00bb button_one_border_color__hover_enabled=\u00bboff\u00bb button_two_border_color__hover_enabled=\u00bboff\u00bb button_border_radius__hover_enabled=\u00bboff\u00bb button_one_border_radius__hover_enabled=\u00bboff\u00bb button_two_border_radius__hover_enabled=\u00bboff\u00bb button_letter_spacing__hover_enabled=\u00bboff\u00bb button_one_letter_spacing__hover_enabled=\u00bboff\u00bb button_two_letter_spacing__hover_enabled=\u00bboff\u00bb button_bg_color__hover_enabled=\u00bboff\u00bb button_one_bg_color__hover_enabled=\u00bboff\u00bb button_two_bg_color__hover_enabled=\u00bboff\u00bb][\/et_pb_contact_field][et_pb_contact_field field_id=\u00bbEmail\u00bb field_title=\u00bbDirecci\u00f3n de correo electr\u00f3nico\u00bb field_type=\u00bbemail\u00bb _builder_version=\u00bb4.16&#8243; global_colors_info=\u00bb{}\u00bb button_text_size__hover_enabled=\u00bboff\u00bb button_one_text_size__hover_enabled=\u00bboff\u00bb button_two_text_size__hover_enabled=\u00bboff\u00bb button_text_color__hover_enabled=\u00bboff\u00bb button_one_text_color__hover_enabled=\u00bboff\u00bb button_two_text_color__hover_enabled=\u00bboff\u00bb button_border_width__hover_enabled=\u00bboff\u00bb button_one_border_width__hover_enabled=\u00bboff\u00bb button_two_border_width__hover_enabled=\u00bboff\u00bb button_border_color__hover_enabled=\u00bboff\u00bb button_one_border_color__hover_enabled=\u00bboff\u00bb button_two_border_color__hover_enabled=\u00bboff\u00bb button_border_radius__hover_enabled=\u00bboff\u00bb button_one_border_radius__hover_enabled=\u00bboff\u00bb button_two_border_radius__hover_enabled=\u00bboff\u00bb button_letter_spacing__hover_enabled=\u00bboff\u00bb button_one_letter_spacing__hover_enabled=\u00bboff\u00bb button_two_letter_spacing__hover_enabled=\u00bboff\u00bb button_bg_color__hover_enabled=\u00bboff\u00bb button_one_bg_color__hover_enabled=\u00bboff\u00bb button_two_bg_color__hover_enabled=\u00bboff\u00bb][\/et_pb_contact_field][et_pb_contact_field field_id=\u00bbMessage\u00bb field_title=\u00bbMensaje\u00bb field_type=\u00bbtext\u00bb fullwidth_field=\u00bbon\u00bb _builder_version=\u00bb4.16&#8243; global_colors_info=\u00bb{}\u00bb button_text_size__hover_enabled=\u00bboff\u00bb button_one_text_size__hover_enabled=\u00bboff\u00bb button_two_text_size__hover_enabled=\u00bboff\u00bb button_text_color__hover_enabled=\u00bboff\u00bb button_one_text_color__hover_enabled=\u00bboff\u00bb button_two_text_color__hover_enabled=\u00bboff\u00bb button_border_width__hover_enabled=\u00bboff\u00bb button_one_border_width__hover_enabled=\u00bboff\u00bb button_two_border_width__hover_enabled=\u00bboff\u00bb button_border_color__hover_enabled=\u00bboff\u00bb button_one_border_color__hover_enabled=\u00bboff\u00bb button_two_border_color__hover_enabled=\u00bboff\u00bb button_border_radius__hover_enabled=\u00bboff\u00bb button_one_border_radius__hover_enabled=\u00bboff\u00bb button_two_border_radius__hover_enabled=\u00bboff\u00bb button_letter_spacing__hover_enabled=\u00bboff\u00bb button_one_letter_spacing__hover_enabled=\u00bboff\u00bb button_two_letter_spacing__hover_enabled=\u00bboff\u00bb button_bg_color__hover_enabled=\u00bboff\u00bb button_one_bg_color__hover_enabled=\u00bboff\u00bb button_two_bg_color__hover_enabled=\u00bboff\u00bb][\/et_pb_contact_field][\/et_pb_contact_form][\/et_pb_column][\/et_pb_row][\/et_pb_section]<\/p>\n","protected":false},"excerpt":{"rendered":"<p>[et_pb_section fb_built=\u00bb1&#8243; inner_shadow=\u00bbon\u00bb _builder_version=\u00bb4.23.1&#8243; _module_preset=\u00bbdefault\u00bb background_image=\u00bbhttps:\/\/xbatacademy.com\/wp-content\/uploads\/2023\/12\/FondoGif-scaled.gif\u00bb parallax=\u00bbon\u00bb parallax_method=\u00bboff\u00bb width=\u00bb100%\u00bb animation_style=\u00bbfade\u00bb hover_enabled=\u00bb0&#8243; box_shadow_style=\u00bbpreset2&#8243; global_colors_info=\u00bb{}\u00bb title_text=\u00bbFondoGif\u00bb sticky_enabled=\u00bb0&#8243;][et_pb_row _builder_version=\u00bb4.22.2&#8243; _module_preset=\u00bbdefault\u00bb global_colors_info=\u00bb{}\u00bb][et_pb_column type=\u00bb4_4&#8243; _builder_version=\u00bb4.22.2&#8243; _module_preset=\u00bbdefault\u00bb global_colors_info=\u00bb{}\u00bb][et_pb_image src=\u00bbhttps:\/\/xbatacademy.com\/wp-content\/uploads\/2023\/12\/Mesa-de-trabajo-1Grueso.png\u00bb title_text=\u00bbMesa de trabajo 1Grueso\u00bb align=\u00bbcenter\u00bb _builder_version=\u00bb4.23.1&#8243; _module_preset=\u00bbdefault\u00bb width=\u00bb60%\u00bb custom_margin=\u00bb||-1px|||\u00bb animation_style=\u00bbzoom\u00bb global_colors_info=\u00bb{}\u00bb][\/et_pb_image][et_pb_text _builder_version=\u00bb4.23.1&#8243; _module_preset=\u00bbdefault\u00bb text_font_size=\u00bb38px\u00bb text_line_height=\u00bb1em\u00bb global_colors_info=\u00bb{}\u00bb] WEB EN CONSTRUCCI\u00d3N \u00a1PRONTO ESTAREMOS DISPONIBLES! [\/et_pb_text][et_pb_text _builder_version=\u00bb4.23.1&#8243; _module_preset=\u00bbdefault\u00bb global_colors_info=\u00bb{}\u00bb] Para cualquier consulta puedes enviarnos un [&hellip;]<\/p>\n","protected":false},"author":2,"featured_media":0,"parent":0,"menu_order":0,"comment_status":"closed","ping_status":"closed","template":"","meta":{"_et_pb_use_builder":"on","_et_pb_old_content":"","_et_gb_content_width":"","footnotes":""},"jetpack_sharing_enabled":true,"_links":{"self":[{"href":"https:\/\/xbatacademy.com\/index.php\/wp-json\/wp\/v2\/pages\/16"}],"collection":[{"href":"https:\/\/xbatacademy.com\/index.php\/wp-json\/wp\/v2\/pages"}],"about":[{"href":"https:\/\/xbatacademy.com\/index.php\/wp-json\/wp\/v2\/types\/page"}],"author":[{"embeddable":true,"href":"https:\/\/xbatacademy.com\/index.php\/wp-json\/wp\/v2\/users\/2"}],"replies":[{"embeddable":true,"href":"https:\/\/xbatacademy.com\/index.php\/wp-json\/wp\/v2\/comments?post=16"}],"version-history":[{"count":32,"href":"https:\/\/xbatacademy.com\/index.php\/wp-json\/wp\/v2\/pages\/16\/revisions"}],"predecessor-version":[{"id":274,"href":"https:\/\/xbatacademy.com\/index.php\/wp-json\/wp\/v2\/pages\/16\/revisions\/274"}],"wp:attachment":[{"href":"https:\/\/xbatacademy.com\/index.php\/wp-json\/wp\/v2\/media?parent=16"}],"curies":[{"name":"wp","href":"https:\/\/api.w.org\/{rel}","templated":true}]}}