{"id":206,"date":"2023-12-08T21:13:01","date_gmt":"2023-12-08T20:13:01","guid":{"rendered":"https:\/\/xbatacademy.com\/?page_id=206"},"modified":"2024-02-09T17:25:00","modified_gmt":"2024-02-09T16:25:00","slug":"politica-de-devoluciones-y-reembolsos","status":"publish","type":"page","link":"https:\/\/xbatacademy.com\/index.php\/politica-de-devoluciones-y-reembolsos\/","title":{"rendered":"Pol\u00edtica de Devoluciones y Reembolsos"},"content":{"rendered":"<p>[et_pb_section fb_built=\u00bb1&#8243; _builder_version=\u00bb4.23.1&#8243; _module_preset=\u00bbdefault\u00bb global_colors_info=\u00bb{}\u00bb][et_pb_row _builder_version=\u00bb4.23.1&#8243; _module_preset=\u00bbdefault\u00bb global_colors_info=\u00bb{}\u00bb][et_pb_column type=\u00bb4_4&#8243; _builder_version=\u00bb4.23.1&#8243; _module_preset=\u00bbdefault\u00bb global_colors_info=\u00bb{}\u00bb][et_pb_text _builder_version=\u00bb4.23.1&#8243; _module_preset=\u00bbdefault\u00bb global_colors_info=\u00bb{}\u00bb]<\/p>\n<p><strong>Pol\u00edtica de Devoluciones y Reembolsos de XBAT Academy<\/strong><\/p>\n<p>En XBAT Academy, nos esforzamos por ofrecer la mejor experiencia educativa a nuestros estudiantes. Si por circunstancias de fuerza mayor no pudiese asistir al curso detallamos a continuaci\u00f3n las pol\u00edticas de devoluci\u00f3n y reembolso:<\/p>\n<p><strong>Devoluciones<\/strong><\/p>\n<ol>\n<li>\n<p><strong>Solicitud de devoluci\u00f3n<\/strong>: Para ser elegible para una devoluci\u00f3n, debes avisar que no asistir\u00e1s al curso y solicitar la devoluci\u00f3n dentro de 24-48 horas posteriores a la fecha de inicio del curso.<\/p>\n<\/li>\n<li>\n<p><strong>Condiciones de devoluci\u00f3n<\/strong>: La devoluci\u00f3n ser\u00e1 aceptada siempre y cuando no hayas completado m\u00e1s del 25% del curso y no hayas accedido a los materiales adicionales, certificados u otros recursos relacionados con el curso.<\/p>\n<\/li>\n<li>\n<p><strong>Proceso de devoluci\u00f3n<\/strong>: Para solicitar una devoluci\u00f3n, ponte en contacto con nuestro equipo de soporte a trav\u00e9s de <a href=\"mailto:info@xbatacademy.com\">info@xbatacademy.com<\/a> proporcionando detalles sobre el motivo de la devoluci\u00f3n. Revisaremos tu solicitud y te guiaremos a trav\u00e9s del proceso de devoluci\u00f3n.<\/p>\n<\/li>\n<\/ol>\n<p><strong>Reembolsos<\/strong><\/p>\n<ol>\n<li>\n<p><strong>Reembolso<\/strong>: Una vez aprobada la devoluci\u00f3n, procesaremos tu reembolso a trav\u00e9s del mismo m\u00e9todo de pago utilizado para la compra original.<\/p>\n<\/li>\n<li>\n<p><strong>Tiempo de reembolso<\/strong>: El reembolso tardar\u00e1 dependiendo del m\u00e9todo de pago y las pol\u00edticas de procesamiento del banco.<\/p>\n<\/li>\n<\/ol>\n<p><strong>Excepciones<\/strong><\/p>\n<ol>\n<li>\n<p><strong>Cursos no elegibles para devoluci\u00f3n<\/strong>: Algunos cursos o servicios pueden estar excluidos de nuestra pol\u00edtica de devoluci\u00f3n debido a su naturaleza espec\u00edfica. Esto se indicar\u00e1 claramente al momento de la compra.<\/p>\n<\/li>\n<li>\n<p><strong>Productos o servicios adicionales<\/strong>: Los reembolsos no se aplicar\u00e1n a productos o servicios adicionales adquiridos fuera del curso principal, como materiales complementarios, tutor\u00edas personalizadas u otros servicios a\u00f1adidos.<\/p>\n<\/li>\n<\/ol>\n<p><strong>Contacto<\/strong><\/p>\n<p>Para solicitar una devoluci\u00f3n o si tienes alguna pregunta sobre nuestra pol\u00edtica de devoluci\u00f3n y reembolso, comun\u00edcate con nuestro equipo de soporte a trav\u00e9s de <a href=\"mailto:info@xbatacademy.com\">info@xbatacademy.com<\/a> o llama al 604 96 18 41.<\/p>\n<p>[\/et_pb_text][\/et_pb_column][\/et_pb_row][\/et_pb_section]<\/p>\n","protected":false},"excerpt":{"rendered":"<p>Pol\u00edtica de Devoluciones y Reembolsos de XBAT Academy En XBAT Academy, nos esforzamos por ofrecer la mejor experiencia educativa a nuestros estudiantes. Si por circunstancias de fuerza mayor no pudiese asistir al curso detallamos a continuaci\u00f3n las pol\u00edticas de devoluci\u00f3n y reembolso: Devoluciones Solicitud de devoluci\u00f3n: Para ser elegible para una devoluci\u00f3n, debes avisar que [&hellip;]<\/p>\n","protected":false},"author":2,"featured_media":0,"parent":0,"menu_order":0,"comment_status":"closed","ping_status":"closed","template":"","meta":{"_et_pb_use_builder":"on","_et_pb_old_content":"","_et_gb_content_width":"","footnotes":""},"jetpack_sharing_enabled":true,"_links":{"self":[{"href":"https:\/\/xbatacademy.com\/index.php\/wp-json\/wp\/v2\/pages\/206"}],"collection":[{"href":"https:\/\/xbatacademy.com\/index.php\/wp-json\/wp\/v2\/pages"}],"about":[{"href":"https:\/\/xbatacademy.com\/index.php\/wp-json\/wp\/v2\/types\/page"}],"author":[{"embeddable":true,"href":"https:\/\/xbatacademy.com\/index.php\/wp-json\/wp\/v2\/users\/2"}],"replies":[{"embeddable":true,"href":"https:\/\/xbatacademy.com\/index.php\/wp-json\/wp\/v2\/comments?post=206"}],"version-history":[{"count":5,"href":"https:\/\/xbatacademy.com\/index.php\/wp-json\/wp\/v2\/pages\/206\/revisions"}],"predecessor-version":[{"id":341,"href":"https:\/\/xbatacademy.com\/index.php\/wp-json\/wp\/v2\/pages\/206\/revisions\/341"}],"wp:attachment":[{"href":"https:\/\/xbatacademy.com\/index.php\/wp-json\/wp\/v2\/media?parent=206"}],"curies":[{"name":"wp","href":"https:\/\/api.w.org\/{rel}","templated":true}]}}